{"id":1322,"date":"2018-02-07T18:07:38","date_gmt":"2018-02-07T18:07:38","guid":{"rendered":"https:\/\/www.museosdetenerife.org\/coffeebreak\/?page_id=1322"},"modified":"2025-10-10T08:21:24","modified_gmt":"2025-10-10T08:21:24","slug":"4-informacion-de-episodios","status":"publish","type":"page","link":"https:\/\/xn--sealyruido-u9a.com\/?page_id=1322","title":{"rendered":"4) B\u00fasquedas y consultas"},"content":{"rendered":"<p>Con esta herramienta, desarrollada por Jos\u00e9 Miguel Robles Rom\u00e1n, permite hacer consultas en lenguaje natural sobre el contenido de todos los episodios de Coffee Break: Se\u00f1al y Ruido<\/p>\n<p><a href=\"https:\/\/cb.awebaos.org\/\">Consultas<\/a><\/p>\n<p>&nbsp;<\/p>\n","protected":false},"excerpt":{"rendered":"<p>Con esta herramienta, desarrollada por Jos\u00e9 Miguel Robles Rom\u00e1n, permite hacer consultas en lenguaje natural sobre el contenido de todos los episodios de Coffee Break: Se\u00f1al y Ruido Consultas &nbsp;<\/p>\n","protected":false},"author":2,"featured_media":0,"parent":0,"menu_order":0,"comment_status":"closed","ping_status":"closed","template":"","meta":{"footnotes":""},"class_list":["post-1322","page","type-page","status-publish","hentry"],"_links":{"self":[{"href":"https:\/\/xn--sealyruido-u9a.com\/index.php?rest_route=\/wp\/v2\/pages\/1322","targetHints":{"allow":["GET"]}}],"collection":[{"href":"https:\/\/xn--sealyruido-u9a.com\/index.php?rest_route=\/wp\/v2\/pages"}],"about":[{"href":"https:\/\/xn--sealyruido-u9a.com\/index.php?rest_route=\/wp\/v2\/types\/page"}],"author":[{"embeddable":true,"href":"https:\/\/xn--sealyruido-u9a.com\/index.php?rest_route=\/wp\/v2\/users\/2"}],"replies":[{"embeddable":true,"href":"https:\/\/xn--sealyruido-u9a.com\/index.php?rest_route=%2Fwp%2Fv2%2Fcomments&post=1322"}],"version-history":[{"count":6,"href":"https:\/\/xn--sealyruido-u9a.com\/index.php?rest_route=\/wp\/v2\/pages\/1322\/revisions"}],"predecessor-version":[{"id":3314,"href":"https:\/\/xn--sealyruido-u9a.com\/index.php?rest_route=\/wp\/v2\/pages\/1322\/revisions\/3314"}],"wp:attachment":[{"href":"https:\/\/xn--sealyruido-u9a.com\/index.php?rest_route=%2Fwp%2Fv2%2Fmedia&parent=1322"}],"curies":[{"name":"wp","href":"https:\/\/api.w.org\/{rel}","templated":true}]}}